{"id":444,"date":"2011-04-23T13:08:51","date_gmt":"2011-04-23T13:08:51","guid":{"rendered":"http:\/\/aviones.mindonium.es\/portal\/?page_id=444"},"modified":"2025-10-21T20:42:03","modified_gmt":"2025-10-21T20:42:03","slug":"contacto","status":"publish","type":"page","link":"https:\/\/aviones.mindonium.es\/portal\/contacto\/","title":{"rendered":"Contacto"},"content":{"rendered":"<p>Puedes enviar art\u00edculos de opini\u00f3n as\u00ed como fotos , noticias , a las diversas secciones de mindonium , solo se pide que firmadas con tu nombre y apellidos.<\/p>\n<p>correo de la web : <a href=\"mailto:jesusemilio@mindonium.es\">jesusemilio@mindonium.es<\/a><\/p>\n<p>&nbsp;<\/p>\n","protected":false},"excerpt":{"rendered":"<p>Puedes enviar art\u00edculos de opini\u00f3n as\u00ed como fotos , noticias , a las diversas secciones de mindonium , solo se<\/p>\n","protected":false},"author":1,"featured_media":0,"parent":0,"menu_order":1,"comment_status":"closed","ping_status":"open","template":"","meta":{"colormag_page_container_layout":"default_layout","colormag_page_sidebar_layout":"default_layout","_s2mail":"yes","footnotes":""},"_links":{"self":[{"href":"https:\/\/aviones.mindonium.es\/portal\/wp-json\/wp\/v2\/pages\/444"}],"collection":[{"href":"https:\/\/aviones.mindonium.es\/portal\/wp-json\/wp\/v2\/pages"}],"about":[{"href":"https:\/\/aviones.mindonium.es\/portal\/wp-json\/wp\/v2\/types\/page"}],"author":[{"embeddable":true,"href":"https:\/\/aviones.mindonium.es\/portal\/wp-json\/wp\/v2\/users\/1"}],"replies":[{"embeddable":true,"href":"https:\/\/aviones.mindonium.es\/portal\/wp-json\/wp\/v2\/comments?post=444"}],"version-history":[{"count":4,"href":"https:\/\/aviones.mindonium.es\/portal\/wp-json\/wp\/v2\/pages\/444\/revisions"}],"predecessor-version":[{"id":10544,"href":"https:\/\/aviones.mindonium.es\/portal\/wp-json\/wp\/v2\/pages\/444\/revisions\/10544"}],"wp:attachment":[{"href":"https:\/\/aviones.mindonium.es\/portal\/wp-json\/wp\/v2\/media?parent=444"}],"curies":[{"name":"wp","href":"https:\/\/api.w.org\/{rel}","templated":true}]}}