{"id":2231,"date":"2011-12-07T21:24:47","date_gmt":"2011-12-07T21:24:47","guid":{"rendered":"http:\/\/aviones.mindonium.es\/portal\/?page_id=2231"},"modified":"2026-02-10T18:07:24","modified_gmt":"2026-02-10T18:07:24","slug":"juegos-nuevo","status":"publish","type":"page","link":"https:\/\/aviones.mindonium.es\/portal\/juegos-nuevo\/","title":{"rendered":"Juegos (nuevo!)"},"content":{"rendered":"<p>En este espacio lo \u00fanico que se pretende en que pases un buen rato jugando con nuestros juegos , poco a poco ir\u00e9 a\u00f1adiendo m\u00e1s.<\/p>\n<p><strong>Juego Pacman<\/strong><\/p>\n<p><script src=\"http:\/\/www.gmodules.com\/ig\/ifr?url=http:\/\/www.schulz.dk\/pacman.xml&amp;up_LANG=es&amp;synd=open&amp;w=320&amp;h=420&amp;title=&amp;lang=es&amp;country=MX&amp;border=%23ffffff%7C3px%2C1px+solid+%23999999&amp;output=js\"><\/script><\/p>\n<p><script language='JavaScript' src='http:\/\/www.juegosweb.com.\/gratisweb\/space_invaders_6740'><\/script><\/p>\n<p><a href=\"http:\/\/www.mindonium.es\/\">Volver a inicio<\/a><br \/>\n <span style=\"color: #808080;\">Te gusta la web ? Quieres recibir en tu correo nuevas publicaciones ?<\/span> <a href=\"http:\/\/aviones.mindonium.es\/portal\/wp-login.php?action=register\">Reg\u00edstrate<\/a><\/p>\n<p>Accesos :<!-- Empieza el c\u00f3digo del contador de visitas --><br \/>\n <script src=\"http:\/\/www.01global.com\/esp\/contador-de-visitas\/getcount.php?id=e1eef307c212521\"><\/script><noscript> <a href=\"http:\/\/www.01global.com\/esp\/contador-de-visitas\/\">contador de visitas<\/a> &#038; <a href=\"http:\/\/www.01global.com\/esp\/\"><img loading=\"lazy\" decoding=\"async\" src=\"http:\/\/www.01global.com\/esp\/contador-de-visitas\/estadisticas.gif\" alt=\"alojamiento web\" width=\"80\" height=\"15\"><\/a><\/noscript><br \/>\n<!-- Finaliza el c\u00f3digo del contador de visitas --><\/p>\n","protected":false},"excerpt":{"rendered":"<p>En este espacio lo \u00fanico que se pretende en que pases un buen rato jugando con nuestros juegos , poco<\/p>\n","protected":false},"author":1,"featured_media":0,"parent":0,"menu_order":0,"comment_status":"closed","ping_status":"open","template":"","meta":{"colormag_page_container_layout":"default_layout","colormag_page_sidebar_layout":"default_layout","_s2mail":"yes","footnotes":""},"_links":{"self":[{"href":"https:\/\/aviones.mindonium.es\/portal\/wp-json\/wp\/v2\/pages\/2231"}],"collection":[{"href":"https:\/\/aviones.mindonium.es\/portal\/wp-json\/wp\/v2\/pages"}],"about":[{"href":"https:\/\/aviones.mindonium.es\/portal\/wp-json\/wp\/v2\/types\/page"}],"author":[{"embeddable":true,"href":"https:\/\/aviones.mindonium.es\/portal\/wp-json\/wp\/v2\/users\/1"}],"replies":[{"embeddable":true,"href":"https:\/\/aviones.mindonium.es\/portal\/wp-json\/wp\/v2\/comments?post=2231"}],"version-history":[{"count":8,"href":"https:\/\/aviones.mindonium.es\/portal\/wp-json\/wp\/v2\/pages\/2231\/revisions"}],"predecessor-version":[{"id":10720,"href":"https:\/\/aviones.mindonium.es\/portal\/wp-json\/wp\/v2\/pages\/2231\/revisions\/10720"}],"wp:attachment":[{"href":"https:\/\/aviones.mindonium.es\/portal\/wp-json\/wp\/v2\/media?parent=2231"}],"curies":[{"name":"wp","href":"https:\/\/api.w.org\/{rel}","templated":true}]}}